{"id":122,"date":"2023-04-29T14:44:55","date_gmt":"2023-04-29T14:44:55","guid":{"rendered":"https:\/\/www.retroinfo.de\/?page_id=122"},"modified":"2023-04-29T14:44:55","modified_gmt":"2023-04-29T14:44:55","slug":"dov-frohman-intel","status":"publish","type":"page","link":"https:\/\/www.retroinfo.de\/index.php\/dov-frohman-intel\/","title":{"rendered":"Dov Frohman (Intel)"},"content":{"rendered":"\n<p>Dov Frohman (hebr\u00e4isch \u05d3\u05d1 \u05e4\u05e8\u05d5\u05d4\u05de\u05df), auch Dov Frohman-Bentchkowsky, (* 28. M\u00e4rz 1939 in Amsterdam) ist ein israelischer Elektroingenieur und Erfinder des EPROM.<\/p>\n\n\n\n<p>Dov Frohman<br>Frohmans Eltern waren aus Polen vor antisemitischer Verfolgung nach den Niederlanden emigriert. Im Zweiten Weltkrieg starben seine Eltern im Holocaust, w\u00e4hrend er von Niederl\u00e4ndern versteckt wurde. 1949 wanderte er nach Israel aus, wuchs in Tel Aviv auf und studierte ab 1959 Elektrotechnik am Technion mit dem Abschluss 1963 und an der University of California, Berkeley, mit dem Master-Abschluss[1] 1965. Zuerst arbeitete er bei Fairchild Semiconductor, wo er sich mit Metall-Isolator-Halbleiter-Strukturen befasste, erwarb 1969 seinen Ph.D.[2] in Berkeley und folgte Gordon Moore und den anderen Intel-Gr\u00fcndern in die neu gegr\u00fcndete Firma. Dort entwickelte er 1970 den EPROM.[3] 1973 verlie\u00df er vor\u00fcbergehend Intel und lehrte an der Universit\u00e4t in Kumasi in Ghana, kehrte aber 1974 nach Israel zur\u00fcck und lehrte an der School of Applied Science der Hebr\u00e4ischen Universit\u00e4t (deren Direktor er sp\u00e4ter war). Daneben half er bei der Gr\u00fcndung eines kleinen Entwurfszentrums von Intel in Haifa (1974) und wurde 1985 Gr\u00fcnder und Direktor von Intel Israel. 2001 ging er in den Ruhestand.<\/p>\n\n\n\n<p>2009 wurde er in die National Inventors Hall of Fame aufgenommen. 2008 erhielt er die IEEE Edison Medal, 1986 den IEEE Jack Morton Award und 1991 den Israel-Preis. Er ist seit 1991 Mitglied der Israelischen Akademie der Wissenschaften. Er ist Fellow der IEEE. Frohman h\u00e4lt 6 US-Patente. Er ist Ehrendoktor des Technion.<\/p>\n\n\n\n<p>2018 wurde Frohman Fellow des Computer History Museum.<\/p>\n\n\n\n<figure class=\"wp-block-image size-large is-resized\"><img loading=\"lazy\" decoding=\"async\" src=\"https:\/\/www.retroinfo.de\/wp-content\/uploads\/2023\/04\/image-3-749x1024.png\" alt=\"\" class=\"wp-image-123\" width=\"183\" height=\"250\" srcset=\"https:\/\/www.retroinfo.de\/wp-content\/uploads\/2023\/04\/image-3-749x1024.png 749w, https:\/\/www.retroinfo.de\/wp-content\/uploads\/2023\/04\/image-3-219x300.png 219w, https:\/\/www.retroinfo.de\/wp-content\/uploads\/2023\/04\/image-3-768x1050.png 768w, https:\/\/www.retroinfo.de\/wp-content\/uploads\/2023\/04\/image-3.png 1024w\" sizes=\"(max-width: 183px) 100vw, 183px\" \/><\/figure>\n","protected":false},"excerpt":{"rendered":"<p>Dov Frohman (hebr\u00e4isch \u05d3\u05d1 \u05e4\u05e8\u05d5\u05d4\u05de\u05df), auch Dov Frohman-Bentchkowsky, (* 28. M\u00e4rz 1939 in Amsterdam) ist ein israelischer Elektroingenieur und Erfinder des EPROM. Dov FrohmanFrohmans Eltern waren aus Polen vor antisemitischer Verfolgung nach den Niederlanden emigriert. Im Zweiten Weltkrieg&#8230; <a class=\"read-more\" href=\"https:\/\/www.retroinfo.de\/index.php\/dov-frohman-intel\/\">Read More<\/a><\/p>\n","protected":false},"author":1,"featured_media":0,"parent":0,"menu_order":0,"comment_status":"closed","ping_status":"closed","template":"","meta":{"saved_in_kubio":false,"footnotes":""},"class_list":["post-122","page","type-page","status-publish","hentry"],"kubio_ai_page_context":{"short_desc":"","purpose":"general"},"_links":{"self":[{"href":"https:\/\/www.retroinfo.de\/index.php\/wp-json\/wp\/v2\/pages\/122","targetHints":{"allow":["GET"]}}],"collection":[{"href":"https:\/\/www.retroinfo.de\/index.php\/wp-json\/wp\/v2\/pages"}],"about":[{"href":"https:\/\/www.retroinfo.de\/index.php\/wp-json\/wp\/v2\/types\/page"}],"author":[{"embeddable":true,"href":"https:\/\/www.retroinfo.de\/index.php\/wp-json\/wp\/v2\/users\/1"}],"replies":[{"embeddable":true,"href":"https:\/\/www.retroinfo.de\/index.php\/wp-json\/wp\/v2\/comments?post=122"}],"version-history":[{"count":1,"href":"https:\/\/www.retroinfo.de\/index.php\/wp-json\/wp\/v2\/pages\/122\/revisions"}],"predecessor-version":[{"id":125,"href":"https:\/\/www.retroinfo.de\/index.php\/wp-json\/wp\/v2\/pages\/122\/revisions\/125"}],"wp:attachment":[{"href":"https:\/\/www.retroinfo.de\/index.php\/wp-json\/wp\/v2\/media?parent=122"}],"curies":[{"name":"wp","href":"https:\/\/api.w.org\/{rel}","templated":true}]}}